{"id":1703,"date":"2022-07-28T21:29:48","date_gmt":"2022-07-28T21:29:48","guid":{"rendered":"https:\/\/rhsecurityunitk9.com\/?page_id=1703"},"modified":"2022-07-28T21:52:09","modified_gmt":"2022-07-28T21:52:09","slug":"seguridad-canina-2","status":"publish","type":"page","link":"https:\/\/rhsecurityunitk9.com\/?page_id=1703","title":{"rendered":"C\u00e1maras de seguridad"},"content":{"rendered":"\t\t<div data-elementor-type=\"wp-page\" data-elementor-id=\"1703\" class=\"elementor elementor-1703\">\n\t\t\t\t\t\t\t\t\t<section class=\"elementor-section elementor-top-section elementor-element elementor-element-53bd8b4 elementor-section-boxed elementor-section-height-default elementor-section-height-default\" data-id=\"53bd8b4\" data-element_type=\"section\">\n\t\t\t\t\t\t<div class=\"elementor-container elementor-column-gap-default\">\n\t\t\t\t\t<div class=\"elementor-column elementor-col-100 elementor-top-column elementor-element elementor-element-c3def75\" data-id=\"c3def75\" data-element_type=\"column\">\n\t\t\t<div class=\"elementor-widget-wrap elementor-element-populated\">\n\t\t\t\t\t\t\t\t<div class=\"elementor-element elementor-element-464e9de elementor-widget elementor-widget-kontin-section-header\" data-id=\"464e9de\" data-element_type=\"widget\" data-widget_type=\"kontin-section-header.default\">\n\t\t\t\t<div class=\"elementor-widget-container\">\n\t\t\t<section class=\"news-two-header\">\r\n    <div class=\"container\">\r\n        <div class=\"news-two__top\">\r\n                            <div class=\"section-title text-left\">\r\n                                            <span class=\"section-title__tagline\">C\u00e1maras de seguridad<\/span>\r\n                                                               <h2 class=\"section-title__title\">Trabajamos con las siguientes marcas<\/h2>\r\n                                     <\/div>\r\n                                <\/div>\r\n\r\n    <\/div>\r\n<\/section>\t\t<\/div>\n\t\t\t\t<\/div>\n\t\t\t\t\t<\/div>\n\t\t<\/div>\n\t\t\t\t\t\t\t<\/div>\n\t\t<\/section>\n\t\t\t\t<section class=\"elementor-section elementor-top-section elementor-element elementor-element-c793f9e elementor-section-boxed elementor-section-height-default elementor-section-height-default\" data-id=\"c793f9e\" data-element_type=\"section\">\n\t\t\t\t\t\t<div class=\"elementor-container elementor-column-gap-default\">\n\t\t\t\t\t<div class=\"elementor-column elementor-col-100 elementor-top-column elementor-element elementor-element-b87ab6e\" data-id=\"b87ab6e\" data-element_type=\"column\">\n\t\t\t<div class=\"elementor-widget-wrap elementor-element-populated\">\n\t\t\t\t\t\t\t\t<div class=\"elementor-element elementor-element-29fec3f elementor-arrows-position-inside elementor-pagination-position-outside elementor-widget elementor-widget-image-carousel\" data-id=\"29fec3f\" data-element_type=\"widget\" data-settings=\"{&quot;navigation&quot;:&quot;both&quot;,&quot;autoplay&quot;:&quot;yes&quot;,&quot;pause_on_hover&quot;:&quot;yes&quot;,&quot;pause_on_interaction&quot;:&quot;yes&quot;,&quot;autoplay_speed&quot;:5000,&quot;infinite&quot;:&quot;yes&quot;,&quot;speed&quot;:500}\" data-widget_type=\"image-carousel.default\">\n\t\t\t\t<div class=\"elementor-widget-container\">\n\t\t\t<style>\/*! elementor - v3.12.2 - 23-04-2023 *\/\n.elementor-widget-image-carousel .swiper,.elementor-widget-image-carousel .swiper-container{position:static}.elementor-widget-image-carousel .swiper-container .swiper-slide figure,.elementor-widget-image-carousel .swiper .swiper-slide figure{line-height:inherit}.elementor-widget-image-carousel .swiper-slide{text-align:center}.elementor-image-carousel-wrapper:not(.swiper-container-initialized) .swiper-slide,.elementor-image-carousel-wrapper:not(.swiper-initialized) .swiper-slide{max-width:calc(100% \/ var(--e-image-carousel-slides-to-show, 3))}<\/style>\t\t<div class=\"elementor-image-carousel-wrapper swiper-container\" dir=\"ltr\">\n\t\t\t<div class=\"elementor-image-carousel swiper-wrapper\">\n\t\t\t\t\t\t\t\t<div class=\"swiper-slide\"><figure class=\"swiper-slide-inner\"><img decoding=\"async\" class=\"swiper-slide-image\" src=\"https:\/\/rhsecurityunitk9.com\/wp-content\/uploads\/2022\/07\/Diseno-sin-titulo-1-300x300.png\" alt=\"Dise\u00f1o sin t\u00edtulo (1)\" \/><\/figure><\/div><div class=\"swiper-slide\"><figure class=\"swiper-slide-inner\"><img decoding=\"async\" class=\"swiper-slide-image\" src=\"https:\/\/rhsecurityunitk9.com\/wp-content\/uploads\/2022\/07\/Diseno-sin-titulo-2-300x300.png\" alt=\"Dise\u00f1o sin t\u00edtulo (2)\" \/><\/figure><\/div><div class=\"swiper-slide\"><figure class=\"swiper-slide-inner\"><img decoding=\"async\" class=\"swiper-slide-image\" src=\"https:\/\/rhsecurityunitk9.com\/wp-content\/uploads\/2022\/07\/Diseno-sin-titulo-3-300x300.png\" alt=\"Dise\u00f1o sin t\u00edtulo (3)\" \/><\/figure><\/div>\t\t\t<\/div>\n\t\t\t\t\t\t\t\t\t\t\t\t<div class=\"swiper-pagination\"><\/div>\n\t\t\t\t\t\t\t\t\t\t\t\t\t<div class=\"elementor-swiper-button elementor-swiper-button-prev\">\n\t\t\t\t\t\t<i aria-hidden=\"true\" class=\"eicon-chevron-left\"><\/i>\t\t\t\t\t\t<span class=\"elementor-screen-only\">Anterior<\/span>\n\t\t\t\t\t<\/div>\n\t\t\t\t\t<div class=\"elementor-swiper-button elementor-swiper-button-next\">\n\t\t\t\t\t\t<i aria-hidden=\"true\" class=\"eicon-chevron-right\"><\/i>\t\t\t\t\t\t<span class=\"elementor-screen-only\">Siguiente<\/span>\n\t\t\t\t\t<\/div>\n\t\t\t\t\t\t\t\t\t<\/div>\n\t\t\t\t<\/div>\n\t\t\t\t<\/div>\n\t\t\t\t\t<\/div>\n\t\t<\/div>\n\t\t\t\t\t\t\t<\/div>\n\t\t<\/section>\n\t\t\t\t<section class=\"elementor-section elementor-top-section elementor-element elementor-element-2b336b2 elementor-section-boxed elementor-section-height-default elementor-section-height-default\" data-id=\"2b336b2\" data-element_type=\"section\">\n\t\t\t\t\t\t<div class=\"elementor-container elementor-column-gap-default\">\n\t\t\t\t\t<div class=\"elementor-column elementor-col-50 elementor-top-column elementor-element elementor-element-203b433\" data-id=\"203b433\" data-element_type=\"column\">\n\t\t\t<div class=\"elementor-widget-wrap elementor-element-populated\">\n\t\t\t\t\t\t\t\t<div class=\"elementor-element elementor-element-86bd087 elementor-widget elementor-widget-kontin-section-header\" data-id=\"86bd087\" data-element_type=\"widget\" data-widget_type=\"kontin-section-header.default\">\n\t\t\t\t<div class=\"elementor-widget-container\">\n\t\t\t<section class=\"news-two-header\">\r\n    <div class=\"container\">\r\n        <div class=\"news-two__top\">\r\n                            <div class=\"section-title text-left\">\r\n                                            <span class=\"section-title__tagline\">\u00daltima tecnolog\u00eda<\/span>\r\n                                                               <h2 class=\"section-title__title\">C\u00e1maras de visi\u00f3n nocturna con tecnolog\u00eda para ver a colores<\/h2>\r\n                                     <\/div>\r\n                                <\/div>\r\n\r\n    <\/div>\r\n<\/section>\t\t<\/div>\n\t\t\t\t<\/div>\n\t\t\t\t\t<\/div>\n\t\t<\/div>\n\t\t\t\t<div class=\"elementor-column elementor-col-50 elementor-top-column elementor-element elementor-element-1b46f42\" data-id=\"1b46f42\" data-element_type=\"column\">\n\t\t\t<div class=\"elementor-widget-wrap elementor-element-populated\">\n\t\t\t\t\t\t\t\t<div class=\"elementor-element elementor-element-8fefefe elementor-widget elementor-widget-image\" data-id=\"8fefefe\" data-element_type=\"widget\" data-widget_type=\"image.default\">\n\t\t\t\t<div class=\"elementor-widget-container\">\n\t\t\t<style>\/*! elementor - v3.12.2 - 23-04-2023 *\/\n.elementor-widget-image{text-align:center}.elementor-widget-image a{display:inline-block}.elementor-widget-image a img[src$=\".svg\"]{width:48px}.elementor-widget-image img{vertical-align:middle;display:inline-block}<\/style>\t\t\t\t\t\t\t\t\t\t\t\t<img loading=\"lazy\" decoding=\"async\" width=\"640\" height=\"149\" src=\"https:\/\/rhsecurityunitk9.com\/wp-content\/uploads\/2022\/07\/Imagen-de-WhatsApp-2022-07-24-a-las-12.52.22-1024x239.jpg\" class=\"attachment-large size-large wp-image-1708\" alt=\"\" srcset=\"https:\/\/rhsecurityunitk9.com\/wp-content\/uploads\/2022\/07\/Imagen-de-WhatsApp-2022-07-24-a-las-12.52.22-1024x239.jpg 1024w, https:\/\/rhsecurityunitk9.com\/wp-content\/uploads\/2022\/07\/Imagen-de-WhatsApp-2022-07-24-a-las-12.52.22-300x70.jpg 300w, https:\/\/rhsecurityunitk9.com\/wp-content\/uploads\/2022\/07\/Imagen-de-WhatsApp-2022-07-24-a-las-12.52.22-768x179.jpg 768w, https:\/\/rhsecurityunitk9.com\/wp-content\/uploads\/2022\/07\/Imagen-de-WhatsApp-2022-07-24-a-las-12.52.22-570x133.jpg 570w, https:\/\/rhsecurityunitk9.com\/wp-content\/uploads\/2022\/07\/Imagen-de-WhatsApp-2022-07-24-a-las-12.52.22-380x89.jpg 380w, https:\/\/rhsecurityunitk9.com\/wp-content\/uploads\/2022\/07\/Imagen-de-WhatsApp-2022-07-24-a-las-12.52.22.jpg 1280w\" sizes=\"auto, (max-width: 640px) 100vw, 640px\" \/>\t\t\t\t\t\t\t\t\t\t\t\t\t\t\t<\/div>\n\t\t\t\t<\/div>\n\t\t\t\t\t<\/div>\n\t\t<\/div>\n\t\t\t\t\t\t\t<\/div>\n\t\t<\/section>\n\t\t\t\t<section class=\"elementor-section elementor-top-section elementor-element elementor-element-489c39c elementor-section-boxed elementor-section-height-default elementor-section-height-default\" data-id=\"489c39c\" data-element_type=\"section\">\n\t\t\t\t\t\t<div class=\"elementor-container elementor-column-gap-default\">\n\t\t\t\t\t<div class=\"elementor-column elementor-col-100 elementor-top-column elementor-element elementor-element-6a648bd\" data-id=\"6a648bd\" data-element_type=\"column\">\n\t\t\t<div class=\"elementor-widget-wrap elementor-element-populated\">\n\t\t\t\t\t\t\t\t<div class=\"elementor-element elementor-element-434a401 elementor-widget elementor-widget-image\" data-id=\"434a401\" data-element_type=\"widget\" data-widget_type=\"image.default\">\n\t\t\t\t<div class=\"elementor-widget-container\">\n\t\t\t\t\t\t\t\t\t\t\t\t\t\t\t<img loading=\"lazy\" decoding=\"async\" width=\"640\" height=\"510\" src=\"https:\/\/rhsecurityunitk9.com\/wp-content\/uploads\/2022\/07\/Imagen-de-WhatsApp-2022-07-24-a-las-12.53.11-1024x816.jpg\" class=\"attachment-large size-large wp-image-1709\" alt=\"\" srcset=\"https:\/\/rhsecurityunitk9.com\/wp-content\/uploads\/2022\/07\/Imagen-de-WhatsApp-2022-07-24-a-las-12.53.11-1024x816.jpg 1024w, https:\/\/rhsecurityunitk9.com\/wp-content\/uploads\/2022\/07\/Imagen-de-WhatsApp-2022-07-24-a-las-12.53.11-300x239.jpg 300w, https:\/\/rhsecurityunitk9.com\/wp-content\/uploads\/2022\/07\/Imagen-de-WhatsApp-2022-07-24-a-las-12.53.11-768x612.jpg 768w, https:\/\/rhsecurityunitk9.com\/wp-content\/uploads\/2022\/07\/Imagen-de-WhatsApp-2022-07-24-a-las-12.53.11-570x454.jpg 570w, https:\/\/rhsecurityunitk9.com\/wp-content\/uploads\/2022\/07\/Imagen-de-WhatsApp-2022-07-24-a-las-12.53.11-380x303.jpg 380w, https:\/\/rhsecurityunitk9.com\/wp-content\/uploads\/2022\/07\/Imagen-de-WhatsApp-2022-07-24-a-las-12.53.11.jpg 1280w\" sizes=\"auto, (max-width: 640px) 100vw, 640px\" \/>\t\t\t\t\t\t\t\t\t\t\t\t\t\t\t<\/div>\n\t\t\t\t<\/div>\n\t\t\t\t\t<\/div>\n\t\t<\/div>\n\t\t\t\t\t\t\t<\/div>\n\t\t<\/section>\n\t\t\t\t<section class=\"elementor-section elementor-top-section elementor-element elementor-element-70bf4b1 elementor-section-boxed elementor-section-height-default elementor-section-height-default\" data-id=\"70bf4b1\" data-element_type=\"section\">\n\t\t\t\t\t\t<div class=\"elementor-container elementor-column-gap-default\">\n\t\t\t\t\t<div class=\"elementor-column elementor-col-100 elementor-top-column elementor-element elementor-element-0d4e1d8\" data-id=\"0d4e1d8\" data-element_type=\"column\">\n\t\t\t<div class=\"elementor-widget-wrap elementor-element-populated\">\n\t\t\t\t\t\t\t\t<div class=\"elementor-element elementor-element-10b176d elementor-widget elementor-widget-image\" data-id=\"10b176d\" data-element_type=\"widget\" data-widget_type=\"image.default\">\n\t\t\t\t<div class=\"elementor-widget-container\">\n\t\t\t\t\t\t\t\t\t\t\t\t\t\t\t<img loading=\"lazy\" decoding=\"async\" width=\"640\" height=\"394\" src=\"https:\/\/rhsecurityunitk9.com\/wp-content\/uploads\/2022\/07\/Imagen-de-WhatsApp-2022-07-24-a-las-12.54.55.jpg\" class=\"attachment-large size-large wp-image-1724\" alt=\"\" srcset=\"https:\/\/rhsecurityunitk9.com\/wp-content\/uploads\/2022\/07\/Imagen-de-WhatsApp-2022-07-24-a-las-12.54.55.jpg 650w, https:\/\/rhsecurityunitk9.com\/wp-content\/uploads\/2022\/07\/Imagen-de-WhatsApp-2022-07-24-a-las-12.54.55-300x185.jpg 300w, https:\/\/rhsecurityunitk9.com\/wp-content\/uploads\/2022\/07\/Imagen-de-WhatsApp-2022-07-24-a-las-12.54.55-570x351.jpg 570w, https:\/\/rhsecurityunitk9.com\/wp-content\/uploads\/2022\/07\/Imagen-de-WhatsApp-2022-07-24-a-las-12.54.55-380x234.jpg 380w\" sizes=\"auto, (max-width: 640px) 100vw, 640px\" \/>\t\t\t\t\t\t\t\t\t\t\t\t\t\t\t<\/div>\n\t\t\t\t<\/div>\n\t\t\t\t\t<\/div>\n\t\t<\/div>\n\t\t\t\t\t\t\t<\/div>\n\t\t<\/section>\n\t\t\t\t<section class=\"elementor-section elementor-top-section elementor-element elementor-element-d4d5ca7 elementor-section-boxed elementor-section-height-default elementor-section-height-default\" data-id=\"d4d5ca7\" data-element_type=\"section\">\n\t\t\t\t\t\t<div class=\"elementor-container elementor-column-gap-default\">\n\t\t\t\t\t<div class=\"elementor-column elementor-col-50 elementor-top-column elementor-element elementor-element-26995e5\" data-id=\"26995e5\" data-element_type=\"column\">\n\t\t\t<div class=\"elementor-widget-wrap elementor-element-populated\">\n\t\t\t\t\t\t\t\t<div class=\"elementor-element elementor-element-d972122 elementor-widget elementor-widget-kontin-section-header\" data-id=\"d972122\" data-element_type=\"widget\" data-widget_type=\"kontin-section-header.default\">\n\t\t\t\t<div class=\"elementor-widget-container\">\n\t\t\t<section class=\"news-two-header\">\r\n    <div class=\"container\">\r\n        <div class=\"news-two__top\">\r\n                            <div class=\"section-title text-left\">\r\n                                            <span class=\"section-title__tagline\">\u00daltima tecnolog\u00eda<\/span>\r\n                                                               <h2 class=\"section-title__title\">Descargar cat\u00e1logo Hikvisi\u00f3n<\/h2>\r\n                                     <\/div>\r\n                                <\/div>\r\n\r\n    <\/div>\r\n<\/section>\t\t<\/div>\n\t\t\t\t<\/div>\n\t\t\t\t<div class=\"elementor-element elementor-element-f459ed2 elementor-align-center elementor-widget elementor-widget-button\" data-id=\"f459ed2\" data-element_type=\"widget\" data-widget_type=\"button.default\">\n\t\t\t\t<div class=\"elementor-widget-container\">\n\t\t\t\t\t<div class=\"elementor-button-wrapper\">\n\t\t\t<a href=\"https:\/\/rhsecurityunitk9.com\/wp-content\/uploads\/2022\/07\/HIKVISION.pdf\" class=\"elementor-button-link elementor-button elementor-size-sm\" role=\"button\">\n\t\t\t\t\t\t<span class=\"elementor-button-content-wrapper\">\n\t\t\t\t\t\t<span class=\"elementor-button-text\">Descargar<\/span>\n\t\t<\/span>\n\t\t\t\t\t<\/a>\n\t\t<\/div>\n\t\t\t\t<\/div>\n\t\t\t\t<\/div>\n\t\t\t\t\t<\/div>\n\t\t<\/div>\n\t\t\t\t<div class=\"elementor-column elementor-col-50 elementor-top-column elementor-element elementor-element-aa4900b\" data-id=\"aa4900b\" data-element_type=\"column\">\n\t\t\t<div class=\"elementor-widget-wrap elementor-element-populated\">\n\t\t\t\t\t\t\t\t<div class=\"elementor-element elementor-element-2886adc elementor-widget elementor-widget-kontin-section-header\" data-id=\"2886adc\" data-element_type=\"widget\" data-widget_type=\"kontin-section-header.default\">\n\t\t\t\t<div class=\"elementor-widget-container\">\n\t\t\t<section class=\"news-two-header\">\r\n    <div class=\"container\">\r\n        <div class=\"news-two__top\">\r\n                            <div class=\"section-title text-left\">\r\n                                            <span class=\"section-title__tagline\">\u00daltima tecnolog\u00eda<\/span>\r\n                                                               <h2 class=\"section-title__title\">Descargar cat\u00e1logo HiLook<\/h2>\r\n                                     <\/div>\r\n                                <\/div>\r\n\r\n    <\/div>\r\n<\/section>\t\t<\/div>\n\t\t\t\t<\/div>\n\t\t\t\t<div class=\"elementor-element elementor-element-0a5fd0d elementor-align-center elementor-widget elementor-widget-button\" data-id=\"0a5fd0d\" data-element_type=\"widget\" data-widget_type=\"button.default\">\n\t\t\t\t<div class=\"elementor-widget-container\">\n\t\t\t\t\t<div class=\"elementor-button-wrapper\">\n\t\t\t<a href=\"https:\/\/rhsecurityunitk9.com\/wp-content\/uploads\/2022\/07\/HILOOK.pdf\" class=\"elementor-button-link elementor-button elementor-size-sm\" role=\"button\">\n\t\t\t\t\t\t<span class=\"elementor-button-content-wrapper\">\n\t\t\t\t\t\t<span class=\"elementor-button-text\">Descargar<\/span>\n\t\t<\/span>\n\t\t\t\t\t<\/a>\n\t\t<\/div>\n\t\t\t\t<\/div>\n\t\t\t\t<\/div>\n\t\t\t\t\t<\/div>\n\t\t<\/div>\n\t\t\t\t\t\t\t<\/div>\n\t\t<\/section>\n\t\t\t\t\t\t\t<\/div>\n\t\t","protected":false},"excerpt":{"rendered":"<p>C\u00e1maras de seguridad Trabajamos con las siguientes marcas Previous Next \u00daltima tecnolog\u00eda C\u00e1maras de visi\u00f3n nocturna con tecnolog\u00eda para ver a colores \u00daltima tecnolog\u00eda Descargar cat\u00e1logo Hikvisi\u00f3n Descargar \u00daltima tecnolog\u00eda Descargar cat\u00e1logo HiLook Descargar<\/p>\n","protected":false},"author":2,"featured_media":0,"parent":0,"menu_order":0,"comment_status":"closed","ping_status":"closed","template":"elementor_header_footer","meta":{"_joinchat":[],"footnotes":""},"class_list":["post-1703","page","type-page","status-publish","hentry"],"_links":{"self":[{"href":"https:\/\/rhsecurityunitk9.com\/index.php?rest_route=\/wp\/v2\/pages\/1703","targetHints":{"allow":["GET"]}}],"collection":[{"href":"https:\/\/rhsecurityunitk9.com\/index.php?rest_route=\/wp\/v2\/pages"}],"about":[{"href":"https:\/\/rhsecurityunitk9.com\/index.php?rest_route=\/wp\/v2\/types\/page"}],"author":[{"embeddable":true,"href":"https:\/\/rhsecurityunitk9.com\/index.php?rest_route=\/wp\/v2\/users\/2"}],"replies":[{"embeddable":true,"href":"https:\/\/rhsecurityunitk9.com\/index.php?rest_route=%2Fwp%2Fv2%2Fcomments&post=1703"}],"version-history":[{"count":7,"href":"https:\/\/rhsecurityunitk9.com\/index.php?rest_route=\/wp\/v2\/pages\/1703\/revisions"}],"predecessor-version":[{"id":1727,"href":"https:\/\/rhsecurityunitk9.com\/index.php?rest_route=\/wp\/v2\/pages\/1703\/revisions\/1727"}],"wp:attachment":[{"href":"https:\/\/rhsecurityunitk9.com\/index.php?rest_route=%2Fwp%2Fv2%2Fmedia&parent=1703"}],"curies":[{"name":"wp","href":"https:\/\/api.w.org\/{rel}","templated":true}]}}